{"id":1141,"date":"2025-08-21T14:13:03","date_gmt":"2025-08-21T12:13:03","guid":{"rendered":"https:\/\/atelierretro.fr\/?page_id=1141"},"modified":"2025-08-21T14:43:42","modified_gmt":"2025-08-21T12:43:42","slug":"mentions-legales","status":"publish","type":"page","link":"https:\/\/atelierretro.fr\/tr\/mentions-legales\/","title":{"rendered":"Yasal bilgiler"},"content":{"rendered":"<div data-elementor-type=\"wp-page\" data-elementor-id=\"1141\" class=\"elementor elementor-1141\" data-elementor-post-type=\"page\">\n\t\t\t\t<div class=\"elementor-element elementor-element-38a11ef e-flex e-con-boxed e-con e-parent\" data-id=\"38a11ef\" data-element_type=\"container\" data-e-type=\"container\">\n\t\t\t\t\t<div class=\"e-con-inner\">\n\t\t<div class=\"elementor-element elementor-element-f6076b6 e-con-full e-flex e-con e-child\" data-id=\"f6076b6\" data-element_type=\"container\" data-e-type=\"container\">\n\t\t\t\t<div class=\"elementor-element elementor-element-a08c7b3 elementor-position-inline-start elementor-mobile-position-inline-start elementor-view-default elementor-widget elementor-widget-icon-box\" data-id=\"a08c7b3\" data-element_type=\"widget\" data-e-type=\"widget\" data-widget_type=\"icon-box.default\">\n\t\t\t\t\t\t\t<div class=\"elementor-icon-box-wrapper\">\n\n\t\t\t\t\t\t<div class=\"elementor-icon-box-icon\">\n\t\t\t\t<span  class=\"elementor-icon\">\n\t\t\t\t<svg xmlns=\"http:\/\/www.w3.org\/2000\/svg\" width=\"18.025\" height=\"25.107\" viewbox=\"0 0 18.025 25.107\"><g id=\"_x32_0_Fire\" transform=\"translate(-72.215 0)\"><g id=\"Groupe_22719\" data-name=\"Groupe 22719\" transform=\"translate(72.215 0)\"><path id=\"Trac&#xE9;_31054\" data-name=\"Trac&#xE9; 31054\" d=\"M76.316,23.723c-7.392-4.62-2.935-11.582-.913-12.757a4.365,4.365,0,0,0,2.02-2.472.417.417,0,0,1,.78-.041c1.267,2.986-1.584,5.495-1.584,5.495,2.22-.612,3.6-2.03,2.452-8.007-.63-3.271.234-4.962,1.144-5.822a.419.419,0,0,1,.661.492c-1.8,3.759,2.293,6.365,2.293,6.365a3.684,3.684,0,0,1-.795-2.351.418.418,0,0,1,.814-.065,3.386,3.386,0,0,0,1.461,1.748,13.575,13.575,0,0,1,5.282,7.7C92.049,22.6,82.7,27.724,76.316,23.723Z\" transform=\"translate(-72.215 0)\" fill=\"#ffce29\"><\/path><g id=\"Groupe_22718\" data-name=\"Groupe 22718\" transform=\"translate(0.699 17.227)\" opacity=\"0.4\"><path id=\"Trac&#xE9;_31055\" data-name=\"Trac&#xE9; 31055\" d=\"M87.5,354.718a5.874,5.874,0,0,1-1.033-2.968.417.417,0,0,1,.422-.443h0a.41.41,0,0,1,.4.384,5.057,5.057,0,0,0,.9,2.569.41.41,0,0,1-.087.553A.417.417,0,0,1,87.5,354.718Z\" transform=\"translate(-86.468 -351.307)\" fill=\"#fff\"><\/path><\/g><path id=\"Trac&#xE9;_31056\" data-name=\"Trac&#xE9; 31056\" d=\"M240.063,107.725a8.73,8.73,0,0,0,7.949-11.058,13.575,13.575,0,0,0-5.282-7.7,6.244,6.244,0,0,1-.516-.405,2.656,2.656,0,0,1-.221-1.277.418.418,0,0,1,.814-.066,3.379,3.379,0,0,0,1.462,1.749,13.575,13.575,0,0,1,5.282,7.7C251.275,103.664,245.383,108.235,240.063,107.725Z\" transform=\"translate(-231.832 -82.656)\" opacity=\"0.08\"><\/path><path id=\"Trac&#xE9;_31057\" data-name=\"Trac&#xE9; 31057\" d=\"M179.666,243.654a9.593,9.593,0,0,1-4.962.061,3.7,3.7,0,0,0-.822-4,3.481,3.481,0,0,1-.745-3.28.322.322,0,0,1,.632,0,1.783,1.783,0,0,0,1.2,1.467s-1.774-2.549,2.971-6.454a1.493,1.493,0,0,0,.284-.916.322.322,0,0,1,.588-.2c.61.916.827,2.709-1.352,6.123a3.392,3.392,0,0,0-.168,1.266,1.505,1.505,0,0,0,3-.006,3.476,3.476,0,0,0-.058-.745c-.006-.025-.008-.05-.014-.072a.323.323,0,0,1,.6-.221,4.956,4.956,0,0,0,.386.543C182.593,238.935,182.245,241.688,179.666,243.654Z\" transform=\"translate(-168.081 -218.911)\" fill=\"#f96464\"><\/path><\/g><\/g><\/svg>\t\t\t\t<\/span>\n\t\t\t<\/div>\n\t\t\t\n\t\t\t\t\t\t<div class=\"elementor-icon-box-content\">\n\n\t\t\t\t\t\t\t\t\t<div class=\"elementor-icon-box-title\">\n\t\t\t\t\t\t<span  >\n\t\t\t\t\t\t\tRetro At\u00f6lye\t\t\t\t\t\t<\/span>\n\t\t\t\t\t<\/div>\n\t\t\t\t\n\t\t\t\t\n\t\t\t<\/div>\n\t\t\t\n\t\t<\/div>\n\t\t\t\t\t\t<\/div>\n\t\t\t\t<div class=\"elementor-element elementor-element-f311833 elementor-widget elementor-widget-heading\" data-id=\"f311833\" data-element_type=\"widget\" data-e-type=\"widget\" data-widget_type=\"heading.default\">\n\t\t\t\t\t<h1 class=\"elementor-heading-title elementor-size-default\">Mentions L\u00e9gales<\/h1>\t\t\t\t<\/div>\n\t\t\t\t<\/div>\n\t\t<div class=\"elementor-element elementor-element-7ab36ea e-con-full e-flex e-con e-child\" data-id=\"7ab36ea\" data-element_type=\"container\" data-e-type=\"container\">\n\t\t\t\t<\/div>\n\t\t\t\t\t<\/div>\n\t\t\t\t<\/div>\n\t\t<div class=\"elementor-element elementor-element-878f394 e-flex e-con-boxed e-con e-parent\" data-id=\"878f394\" data-element_type=\"container\" data-e-type=\"container\">\n\t\t\t\t\t<div class=\"e-con-inner\">\n\t\t<div class=\"elementor-element elementor-element-48143f1 e-con-full e-flex e-con e-child\" data-id=\"48143f1\" data-element_type=\"container\" data-e-type=\"container\">\n\t\t\t\t<div class=\"elementor-element elementor-element-518edbf elementor-widget__width-initial elementor-widget-tablet_extra__width-inherit elementor-widget elementor-widget-text-editor\" data-id=\"518edbf\" data-element_type=\"widget\" data-e-type=\"widget\" data-widget_type=\"text-editor.default\">\n\t\t\t\t\t\t\t\t\t<p><b>1 \u2013 INFORMATIONS G\u00c9N\u00c9RALES<\/b><\/p><p><span style=\"font-weight: 400;\">En se connectant au pr\u00e9sent site, l\u2019utilisateur accepte express\u00e9ment ses modalit\u00e9s d\u2019utilisation d\u00e9crites ci-apr\u00e8s.<\/span><\/p><p><span style=\"font-weight: 400;\">En vertu de l\u2019article 6 de la loi n\u00b0 2004-575 du 21 juin 2004 pour la confiance dans l\u2019\u00e9conomie num\u00e9rique, il est pr\u00e9cis\u00e9 aux utilisateurs du pr\u00e9sent site l\u2019identit\u00e9 des diff\u00e9rents intervenants dans le cadre de sa r\u00e9alisation et de son suivi.<\/span><\/p><p><b>2 \u2013 \u00c9DITEUR<\/b><\/p><p><span style=\"font-weight: 400;\">Raison sociale\u00a0: ATELIER RETRO<\/span><\/p><p><span style=\"font-weight: 400;\">Forme juridique\u00a0: Affaire personnelle commer\u00e7ant<\/span><\/p><p><span style=\"font-weight: 400;\">Num\u00e9ro SIRET\u00a0: 93315603600016<\/span><\/p><p><span style=\"font-weight: 400;\">Adresse\u00a0du si\u00e8ge social : ATELIER RETRO BY KOSAR 10 RUE D&rsquo;ARGENTON, 67100 STRASBOURG France<\/span><\/p><p><span style=\"font-weight: 400;\">T\u00e9l\u00e9phone\u00a0: 0745983013<\/span><\/p><p><span style=\"font-weight: 400;\">Courriel\u00a0:\u00a0 10 RUE D&rsquo;ARGENTON, 67100 STRASBOURG<\/span><\/p><p><span style=\"font-weight: 400;\">Num\u00e9ro RCS\u00a0: Strasbourg A 933156036<\/span><\/p><p><span style=\"font-weight: 400;\">Num\u00e9ro TVA INTRACOMMUNAUTAIRE\u00a0: FR08933156036<\/span><\/p><p><b>3 \u2013 H\u00c9BERGEUR<\/b><\/p><p><span style=\"font-weight: 400;\">L\u2019h\u00e9bergeur du site <a href=\"https:\/\/atelierretro.fr\/tr\/\"><strong>https:\/\/atelierretro.fr\/<\/strong><\/a><\/span><span style=\"font-weight: 400;\">\u00a0est la soci\u00e9t\u00e9 <\/span><b>Ionos <\/b><span style=\"font-weight: 400;\">d<\/span><span style=\"font-weight: 400;\">ont le si\u00e8ge social est situ\u00e9 au <\/span><span style=\"font-weight: 400;\">7 Pl. de la Gare, 57200 Sarreguemines, avec le num\u00e9ro de t\u00e9l\u00e9phone : 09 70 80 89 11<\/span><\/p><p><b>4 \u2013 CONCEPTEUR<\/b><\/p><p><span style=\"font-weight: 400;\">Le pr\u00e9sent site a \u00e9t\u00e9 con\u00e7u par NIDYANET GRENOBLE<\/span><\/p><p><span style=\"font-weight: 400;\">Adresse\u00a0: 7 rue Charles P\u00e9guy &#8211; 38100 Grenoble<\/span><\/p><p><span style=\"font-weight: 400;\">T\u00e9l\u00e9phone\u00a0: 04 76 70 20 84\u00a0<\/span><\/p><p><span style=\"font-weight: 400;\">Email\u00a0: <\/span><a href=\"mailto:contact@nidyanet.com\"><span style=\"font-weight: 400;\">contact@nidyanet.com<\/span><\/a><\/p><p><span style=\"font-weight: 400;\">Site\u00a0: <\/span><a href=\"https:\/\/nidyanet.com\/\"><span style=\"font-weight: 400;\">https:\/\/nidyanet.com<\/span><\/a><\/p><p><b>5 \u2013 PROTECTION DES DONN\u00c9ES PERSONNELLES<\/b><\/p><p><span style=\"font-weight: 400;\">Le Site assure \u00e0 l&rsquo;Utilisateur une collecte et un traitement d&rsquo;informations personnelles dans le respect de la vie priv\u00e9e conform\u00e9ment \u00e0 la loi n\u00b078-17 du 6 janvier 1978 relative \u00e0 l&rsquo;informatique, aux fichiers et aux libert\u00e9s.<\/span><\/p><p><span style=\"font-weight: 400;\">En vertu de la loi Informatique et Libert\u00e9s, en date du 6 janvier 1978, l&rsquo;Utilisateur dispose d&rsquo;un droit d&rsquo;acc\u00e8s, de rectification, de suppression et d&rsquo;opposition de ses donn\u00e9es personnelles. L&rsquo;Utilisateur exerce ce droit :<\/span><\/p><ul><li><span style=\"font-weight: 400;\"> par mail \u00e0 l&rsquo;adresse email info@atelierretro.fr<\/span><\/li><li><span style=\"font-weight: 400;\"> par voie postale au 17 rue du Girlenhirsch, 67400 Illkirch-Graffenstaden<\/span><\/li><\/ul><div>\u00a0<\/div><p><b>6 \u2013 PROPRI\u00c9T\u00c9 INTELLECTUELLE<\/b><\/p><p><span style=\"font-weight: 400;\">Le pr\u00e9sent site ainsi que chacun des \u00e9l\u00e9ments, incluant mais non limitativement, tous logos, ic\u00f4nes, infographies, photographies, animations, qui le composent sont la propri\u00e9t\u00e9 exclusive de la soci\u00e9t\u00e9 \u00e0 l\u2019exception des \u00e9l\u00e9ments de contenu appartenant \u00e0 d\u2019autres soci\u00e9t\u00e9s partenaires ou auteurs.\u00a0<\/span><\/p><p><span style=\"font-weight: 400;\">\u00c0 ce titre, tous les \u00e9l\u00e9ments suscit\u00e9s sont prot\u00e9g\u00e9s au titre de la l\u00e9gislation internationale de la propri\u00e9t\u00e9 intellectuelle.\u00a0<\/span><\/p><p><span style=\"font-weight: 400;\">Toute utilisation, reproduction, distribution, commercialisation, modification, adaptation, retransmission, repr\u00e9sentation ou publication, par quelque proc\u00e9d\u00e9 que ce soit, et sur quelque support que ce soit, de tout ou partie du site et\/ou des \u00e9l\u00e9ments qui le composent est strictement prohib\u00e9 sans l\u2019accord expresse et formul\u00e9 par \u00e9crit de<\/span><b> ATELIER RETRO.<\/b><span style=\"font-weight: 400;\"> Le non-respect de cette interdiction pourra entra\u00eener des actions et poursuites judiciaires telles que notamment pr\u00e9vues par le Code de la propri\u00e9t\u00e9 intellectuelle et le Code civil.<\/span><\/p><p><span style=\"font-weight: 400;\">Le non-respect de cette interdiction constitue une contrefa\u00e7on pouvant engager la responsabilit\u00e9 civile et p\u00e9nale du contrefacteur.<\/span><\/p><p><b>7 \u2013 RESPONSABILIT\u00c9<\/b><\/p><p><b>ATELIER RETRO <\/b><span style=\"font-weight: 400;\">s\u2019efforce d\u2019assurer au mieux ses possibilit\u00e9s l\u2019exactitude et la mise \u00e0 jour des informations diffus\u00e9es sur le Site, dont elle se r\u00e9serve le droit de modifier le contenu \u00e0 tout moment et sans pr\u00e9avis.<\/span><\/p><p><span style=\"font-weight: 400;\">Toutefois, <\/span><b>ATELIER RETRO <\/b><span style=\"font-weight: 400;\">ne saurait garantir l\u2019exactitude, la pr\u00e9cision et l\u2019exhaustivit\u00e9 des informations diffus\u00e9es sur le Site et ne saurait donc \u00eatre tenue pour responsable :\u00a0<\/span><\/p><ul><li style=\"font-weight: 400;\" aria-level=\"1\"><span style=\"font-weight: 400;\">de toute inexactitude, impr\u00e9cision ou omission de ou des informations, qu\u2019elle soit totale ou partielle<\/span><\/li><li style=\"font-weight: 400;\" aria-level=\"1\"><span style=\"font-weight: 400;\">de tout dommage \u00e9ventuel r\u00e9sultant d\u2019une intrusion informatique d\u2019un tiers ayant entra\u00een\u00e9 une modification desdites informations<\/span><\/li><li style=\"font-weight: 400;\" aria-level=\"1\"><span style=\"font-weight: 400;\">plus g\u00e9n\u00e9ralement, de tous dommages, directs ou indirects, qu\u2019elles qu\u2019en soient les causes, origines, natures et cons\u00e9quences, li\u00e9es \u00e0 l\u2019acc\u00e8s (ou \u00e0 l\u2019impossibilit\u00e9 d\u2019acc\u00e9der au Site), au contenu, \u00e0 l\u2019utilisation du Site et\/ou au cr\u00e9dit accord\u00e9 \u00e0 une quelconque information provenant de ce dernier<\/span><\/li><\/ul><p><span style=\"font-weight: 400;\">De plus, l\u2019utilisateur du site s\u2019engage \u00e0 acc\u00e9der au site en utilisant un mat\u00e9riel r\u00e9cent, ne contenant pas de virus et avec un navigateur de derni\u00e8re g\u00e9n\u00e9ration mis-\u00e0-jour.<\/span><\/p><p><span style=\"font-weight: 400;\">Les liens hypertextes mis en place dans le cadre du pr\u00e9sent site internet en direction d\u2019autres ressources pr\u00e9sentes sur le r\u00e9seau Internet ne sauraient engager la responsabilit\u00e9 de<\/span><b> ATELIER RETRO<\/b><span style=\"font-weight: 400;\">.<\/span><\/p><p><b>8 \u2013 LITIGES<\/b><\/p><p><span style=\"font-weight: 400;\">Les conditions du pr\u00e9sent site sont r\u00e9gies par les lois fran\u00e7aises et toute contestation ou litiges qui pourraient na\u00eetre de l\u2019interpr\u00e9tation ou de l\u2019ex\u00e9cution de celles-ci seront de la comp\u00e9tence exclusive des tribunaux dont d\u00e9pend le si\u00e8ge social de la soci\u00e9t\u00e9.<\/span><\/p><p><span style=\"font-weight: 400;\">En outre, la langue de r\u00e9f\u00e9rence, pour le r\u00e8glement de contentieux \u00e9ventuels, est le fran\u00e7ais.<\/span><\/p><p><br style=\"font-weight: 400;\" \/><br style=\"font-weight: 400;\" \/><\/p>\t\t\t\t\t\t\t\t<\/div>\n\t\t\t\t<\/div>\n\t\t<div class=\"elementor-element elementor-element-bff9451 e-con-full elementor-hidden-tablet_extra elementor-hidden-tablet elementor-hidden-mobile e-flex e-con e-child\" data-id=\"bff9451\" data-element_type=\"container\" data-e-type=\"container\">\n\t\t\t\t<\/div>\n\t\t\t\t\t<\/div>\n\t\t\t\t<\/div>\n\t\t\t\t<\/div>","protected":false},"excerpt":{"rendered":"<p>Atelier Retro Mentions L\u00e9gales 1 \u2013 INFORMATIONS G\u00c9N\u00c9RALES En se connectant au pr\u00e9sent site, l\u2019utilisateur accepte express\u00e9ment ses modalit\u00e9s d\u2019utilisation d\u00e9crites ci-apr\u00e8s. En vertu de l\u2019article 6 de la loi n\u00b0 2004-575 du 21 juin 2004 pour la confiance dans l\u2019\u00e9conomie num\u00e9rique, il est pr\u00e9cis\u00e9 aux utilisateurs du pr\u00e9sent site l\u2019identit\u00e9 des diff\u00e9rents intervenants dans [&hellip;]<\/p>\n","protected":false},"author":1,"featured_media":101,"parent":0,"menu_order":0,"comment_status":"closed","ping_status":"closed","template":"","meta":{"footnotes":""},"class_list":["post-1141","page","type-page","status-publish","has-post-thumbnail","hentry"],"yoast_head":"<!-- This site is optimized with the Yoast SEO plugin v27.3 - https:\/\/yoast.com\/product\/yoast-seo-wordpress\/ -->\n<title>Mentions l\u00e9gales | Atelier Retro<\/title>\n<meta name=\"robots\" content=\"index, follow, max-snippet:-1, max-image-preview:large, max-video-preview:-1\" \/>\n<link rel=\"canonical\" href=\"https:\/\/atelierretro.fr\/tr\/mentions-legales\/\" \/>\n<meta property=\"og:locale\" content=\"tr_TR\" \/>\n<meta property=\"og:type\" content=\"article\" \/>\n<meta property=\"og:title\" content=\"Mentions l\u00e9gales | Atelier Retro\" \/>\n<meta property=\"og:description\" content=\"Atelier Retro Mentions L\u00e9gales 1 \u2013 INFORMATIONS G\u00c9N\u00c9RALES En se connectant au pr\u00e9sent site, l\u2019utilisateur accepte express\u00e9ment ses modalit\u00e9s d\u2019utilisation d\u00e9crites ci-apr\u00e8s. En vertu de l\u2019article 6 de la loi n\u00b0 2004-575 du 21 juin 2004 pour la confiance dans l\u2019\u00e9conomie num\u00e9rique, il est pr\u00e9cis\u00e9 aux utilisateurs du pr\u00e9sent site l\u2019identit\u00e9 des diff\u00e9rents intervenants dans [&hellip;]\" \/>\n<meta property=\"og:url\" content=\"https:\/\/atelierretro.fr\/tr\/mentions-legales\/\" \/>\n<meta property=\"og:site_name\" content=\"Atelier Retro\" \/>\n<meta property=\"article:publisher\" content=\"https:\/\/www.facebook.com\/p\/Atelier-Retro-61574069513290\/\" \/>\n<meta property=\"article:modified_time\" content=\"2025-08-21T12:43:42+00:00\" \/>\n<meta name=\"twitter:card\" content=\"summary_large_image\" \/>\n<meta name=\"twitter:label1\" content=\"Tahmini okuma s\u00fcresi\" \/>\n\t<meta name=\"twitter:data1\" content=\"4 dakika\" \/>\n<script type=\"application\/ld+json\" class=\"yoast-schema-graph\">{\"@context\":\"https:\\\/\\\/schema.org\",\"@graph\":[{\"@type\":\"WebPage\",\"@id\":\"https:\\\/\\\/atelierretro.fr\\\/mentions-legales\\\/\",\"url\":\"https:\\\/\\\/atelierretro.fr\\\/mentions-legales\\\/\",\"name\":\"Mentions l\u00e9gales | Atelier Retro\",\"isPartOf\":{\"@id\":\"https:\\\/\\\/atelierretro.fr\\\/#website\"},\"primaryImageOfPage\":{\"@id\":\"https:\\\/\\\/atelierretro.fr\\\/mentions-legales\\\/#primaryimage\"},\"image\":{\"@id\":\"https:\\\/\\\/atelierretro.fr\\\/mentions-legales\\\/#primaryimage\"},\"thumbnailUrl\":\"https:\\\/\\\/atelierretro.fr\\\/wp-content\\\/uploads\\\/2025\\\/08\\\/Groupe-21604.svg\",\"datePublished\":\"2025-08-21T12:13:03+00:00\",\"dateModified\":\"2025-08-21T12:43:42+00:00\",\"breadcrumb\":{\"@id\":\"https:\\\/\\\/atelierretro.fr\\\/mentions-legales\\\/#breadcrumb\"},\"inLanguage\":\"tr\",\"potentialAction\":[{\"@type\":\"ReadAction\",\"target\":[\"https:\\\/\\\/atelierretro.fr\\\/mentions-legales\\\/\"]}]},{\"@type\":\"ImageObject\",\"inLanguage\":\"tr\",\"@id\":\"https:\\\/\\\/atelierretro.fr\\\/mentions-legales\\\/#primaryimage\",\"url\":\"https:\\\/\\\/atelierretro.fr\\\/wp-content\\\/uploads\\\/2025\\\/08\\\/Groupe-21604.svg\",\"contentUrl\":\"https:\\\/\\\/atelierretro.fr\\\/wp-content\\\/uploads\\\/2025\\\/08\\\/Groupe-21604.svg\",\"width\":1003,\"height\":542,\"caption\":\"Atelier Retro propose des v\u00eatements de travail et EPI personnalis\u00e9s\"},{\"@type\":\"BreadcrumbList\",\"@id\":\"https:\\\/\\\/atelierretro.fr\\\/mentions-legales\\\/#breadcrumb\",\"itemListElement\":[{\"@type\":\"ListItem\",\"position\":1,\"name\":\"Accueil\",\"item\":\"https:\\\/\\\/atelierretro.fr\\\/\"},{\"@type\":\"ListItem\",\"position\":2,\"name\":\"Mentions l\u00e9gales\"}]},{\"@type\":\"WebSite\",\"@id\":\"https:\\\/\\\/atelierretro.fr\\\/#website\",\"url\":\"https:\\\/\\\/atelierretro.fr\\\/\",\"name\":\"Atelier Retro\",\"description\":\"\",\"publisher\":{\"@id\":\"https:\\\/\\\/atelierretro.fr\\\/#organization\"},\"potentialAction\":[{\"@type\":\"SearchAction\",\"target\":{\"@type\":\"EntryPoint\",\"urlTemplate\":\"https:\\\/\\\/atelierretro.fr\\\/?s={search_term_string}\"},\"query-input\":{\"@type\":\"PropertyValueSpecification\",\"valueRequired\":true,\"valueName\":\"search_term_string\"}}],\"inLanguage\":\"tr\"},{\"@type\":\"Organization\",\"@id\":\"https:\\\/\\\/atelierretro.fr\\\/#organization\",\"name\":\"Atelier Retro\",\"url\":\"https:\\\/\\\/atelierretro.fr\\\/\",\"logo\":{\"@type\":\"ImageObject\",\"inLanguage\":\"tr\",\"@id\":\"https:\\\/\\\/atelierretro.fr\\\/#\\\/schema\\\/logo\\\/image\\\/\",\"url\":\"https:\\\/\\\/atelierretro.fr\\\/wp-content\\\/uploads\\\/2025\\\/08\\\/Groupe-21604.svg\",\"contentUrl\":\"https:\\\/\\\/atelierretro.fr\\\/wp-content\\\/uploads\\\/2025\\\/08\\\/Groupe-21604.svg\",\"width\":1003,\"height\":542,\"caption\":\"Atelier Retro\"},\"image\":{\"@id\":\"https:\\\/\\\/atelierretro.fr\\\/#\\\/schema\\\/logo\\\/image\\\/\"},\"sameAs\":[\"https:\\\/\\\/www.facebook.com\\\/p\\\/Atelier-Retro-61574069513290\\\/\"]}]}<\/script>\n<!-- \/ Yoast SEO plugin. -->","yoast_head_json":{"title":"Mentions l\u00e9gales | Atelier Retro","robots":{"index":"index","follow":"follow","max-snippet":"max-snippet:-1","max-image-preview":"max-image-preview:large","max-video-preview":"max-video-preview:-1"},"canonical":"https:\/\/atelierretro.fr\/tr\/mentions-legales\/","og_locale":"tr_TR","og_type":"article","og_title":"Mentions l\u00e9gales | Atelier Retro","og_description":"Atelier Retro Mentions L\u00e9gales 1 \u2013 INFORMATIONS G\u00c9N\u00c9RALES En se connectant au pr\u00e9sent site, l\u2019utilisateur accepte express\u00e9ment ses modalit\u00e9s d\u2019utilisation d\u00e9crites ci-apr\u00e8s. En vertu de l\u2019article 6 de la loi n\u00b0 2004-575 du 21 juin 2004 pour la confiance dans l\u2019\u00e9conomie num\u00e9rique, il est pr\u00e9cis\u00e9 aux utilisateurs du pr\u00e9sent site l\u2019identit\u00e9 des diff\u00e9rents intervenants dans [&hellip;]","og_url":"https:\/\/atelierretro.fr\/tr\/mentions-legales\/","og_site_name":"Atelier Retro","article_publisher":"https:\/\/www.facebook.com\/p\/Atelier-Retro-61574069513290\/","article_modified_time":"2025-08-21T12:43:42+00:00","twitter_card":"summary_large_image","twitter_misc":{"Tahmini okuma s\u00fcresi":"4 dakika"},"schema":{"@context":"https:\/\/schema.org","@graph":[{"@type":"WebPage","@id":"https:\/\/atelierretro.fr\/mentions-legales\/","url":"https:\/\/atelierretro.fr\/mentions-legales\/","name":"Mentions l\u00e9gales | Atelier Retro","isPartOf":{"@id":"https:\/\/atelierretro.fr\/#website"},"primaryImageOfPage":{"@id":"https:\/\/atelierretro.fr\/mentions-legales\/#primaryimage"},"image":{"@id":"https:\/\/atelierretro.fr\/mentions-legales\/#primaryimage"},"thumbnailUrl":"https:\/\/atelierretro.fr\/wp-content\/uploads\/2025\/08\/Groupe-21604.svg","datePublished":"2025-08-21T12:13:03+00:00","dateModified":"2025-08-21T12:43:42+00:00","breadcrumb":{"@id":"https:\/\/atelierretro.fr\/mentions-legales\/#breadcrumb"},"inLanguage":"tr","potentialAction":[{"@type":"ReadAction","target":["https:\/\/atelierretro.fr\/mentions-legales\/"]}]},{"@type":"ImageObject","inLanguage":"tr","@id":"https:\/\/atelierretro.fr\/mentions-legales\/#primaryimage","url":"https:\/\/atelierretro.fr\/wp-content\/uploads\/2025\/08\/Groupe-21604.svg","contentUrl":"https:\/\/atelierretro.fr\/wp-content\/uploads\/2025\/08\/Groupe-21604.svg","width":1003,"height":542,"caption":"Atelier Retro propose des v\u00eatements de travail et EPI personnalis\u00e9s"},{"@type":"BreadcrumbList","@id":"https:\/\/atelierretro.fr\/mentions-legales\/#breadcrumb","itemListElement":[{"@type":"ListItem","position":1,"name":"Accueil","item":"https:\/\/atelierretro.fr\/"},{"@type":"ListItem","position":2,"name":"Mentions l\u00e9gales"}]},{"@type":"WebSite","@id":"https:\/\/atelierretro.fr\/#website","url":"https:\/\/atelierretro.fr\/","name":"Retro At\u00f6lye","description":"","publisher":{"@id":"https:\/\/atelierretro.fr\/#organization"},"potentialAction":[{"@type":"SearchAction","target":{"@type":"EntryPoint","urlTemplate":"https:\/\/atelierretro.fr\/?s={search_term_string}"},"query-input":{"@type":"PropertyValueSpecification","valueRequired":true,"valueName":"search_term_string"}}],"inLanguage":"tr"},{"@type":"Organization","@id":"https:\/\/atelierretro.fr\/#organization","name":"Retro At\u00f6lye","url":"https:\/\/atelierretro.fr\/","logo":{"@type":"ImageObject","inLanguage":"tr","@id":"https:\/\/atelierretro.fr\/#\/schema\/logo\/image\/","url":"https:\/\/atelierretro.fr\/wp-content\/uploads\/2025\/08\/Groupe-21604.svg","contentUrl":"https:\/\/atelierretro.fr\/wp-content\/uploads\/2025\/08\/Groupe-21604.svg","width":1003,"height":542,"caption":"Atelier Retro"},"image":{"@id":"https:\/\/atelierretro.fr\/#\/schema\/logo\/image\/"},"sameAs":["https:\/\/www.facebook.com\/p\/Atelier-Retro-61574069513290\/"]}]}},"_links":{"self":[{"href":"https:\/\/atelierretro.fr\/tr\/wp-json\/wp\/v2\/pages\/1141","targetHints":{"allow":["GET"]}}],"collection":[{"href":"https:\/\/atelierretro.fr\/tr\/wp-json\/wp\/v2\/pages"}],"about":[{"href":"https:\/\/atelierretro.fr\/tr\/wp-json\/wp\/v2\/types\/page"}],"author":[{"embeddable":true,"href":"https:\/\/atelierretro.fr\/tr\/wp-json\/wp\/v2\/users\/1"}],"replies":[{"embeddable":true,"href":"https:\/\/atelierretro.fr\/tr\/wp-json\/wp\/v2\/comments?post=1141"}],"version-history":[{"count":7,"href":"https:\/\/atelierretro.fr\/tr\/wp-json\/wp\/v2\/pages\/1141\/revisions"}],"predecessor-version":[{"id":1150,"href":"https:\/\/atelierretro.fr\/tr\/wp-json\/wp\/v2\/pages\/1141\/revisions\/1150"}],"wp:featuredmedia":[{"embeddable":true,"href":"https:\/\/atelierretro.fr\/tr\/wp-json\/wp\/v2\/media\/101"}],"wp:attachment":[{"href":"https:\/\/atelierretro.fr\/tr\/wp-json\/wp\/v2\/media?parent=1141"}],"curies":[{"name":"wp","href":"https:\/\/api.w.org\/{rel}","templated":true}]}}